{"id":4156,"date":"2012-04-27T17:18:18","date_gmt":"2012-04-27T08:18:18","guid":{"rendered":"https:\/\/gene4.knit.kagoshima-u.ac.jp\/grc\/?page_id=4156"},"modified":"2021-02-18T13:14:05","modified_gmt":"2021-02-18T04:14:05","slug":"%e5%80%92%e7%ab%8b%e9%a1%95%e5%be%ae%e9%8f%a1-ix70","status":"publish","type":"page","link":"https:\/\/gene4.knit.kagoshima-u.ac.jp\/grc\/?page_id=4156","title":{"rendered":"\u5012\u7acb\u9855\u5fae\u93e1 IX70"},"content":{"rendered":"<div class=\"wc-shortcodes-row wc-shortcodes-item wc-shortcodes-clearfix\">\n<div class=\"wc-shortcodes-column wc-shortcodes-content wc-shortcodes-one-half wc-shortcodes-column-first \">\n<a href=\".\/wp-content\/uploads\/2012\/04\/ix70-1.png\" title=\"ix70\" target=\"_blank\" rel=\"noopener noreferrer\"><img loading=\"lazy\" decoding=\"async\" src=\".\/wp-content\/uploads\/2012\/04\/ix70-1.png\" title=\"ix70\" width=\"151\" height=\"265\" align=\"middle\" class=\"aligncenter size-thumbnail wp-image-7323\" srcset=\"https:\/\/gene4.knit.kagoshima-u.ac.jp\/grc\/wp-content\/uploads\/2012\/04\/ix70-1.png 253w, https:\/\/gene4.knit.kagoshima-u.ac.jp\/grc\/wp-content\/uploads\/2012\/04\/ix70-1-171x300.png 171w\" sizes=\"auto, (max-width: 151px) 100vw, 151px\" \/><\/a>\n<\/div>\n<div class=\"wc-shortcodes-column wc-shortcodes-content wc-shortcodes-one-half wc-shortcodes-column-last \">\n\u3000<br \/>\n\u3000<br \/>\n\u3000<br \/>\n<a href=\".\/wp-content\/uploads\/2012\/04\/ix-70_fig01\u22122.png\" title=\"ix70_fig01-2\" target=\"_blank\" rel=\"noopener noreferrer\"><img loading=\"lazy\" decoding=\"async\" src=\".\/wp-content\/uploads\/2012\/04\/ix-70_fig01\u22122.png\" width=\"232\" height=\"164\" align=\"middle\" class=\"aligncenter size-thumbnail wp-image-8731\" srcset=\"https:\/\/gene4.knit.kagoshima-u.ac.jp\/grc\/wp-content\/uploads\/2012\/04\/ix-70_fig01\u22122.png 663w, https:\/\/gene4.knit.kagoshima-u.ac.jp\/grc\/wp-content\/uploads\/2012\/04\/ix-70_fig01\u22122-300x212.png 300w\" sizes=\"auto, (max-width: 232px) 100vw, 232px\" \/><\/a>\n<\/div>\n<\/div>\n<p>\u9ad8\u89e3\u50cf\u5ea6\u30fb\u9ad8\u30b3\u30f3\u30c8\u30e9\u30b9\u30c8\u306a\u9bae\u660e\u753b\u50cf<br \/>\n\u7814\u7a76\u30cb\u30fc\u30ba\u306b\u5fdc\u3058\u3066\u30b7\u30b9\u30c6\u30e0\u306e\u62e1\u5927\u304c\u53ef\u80fd<\/p>\n<p>\u3010\u4ed5\u69d8\u3011<br \/>\n\u6a5f\u7a2e \uff1aIX70<br \/>\n\u30e1\u30fc\u30ab\u30fc \uff1a<a href=\"http:\/\/www.olympus.co.jp\/\" title=\"OLYMPUS\" target=\"_blank\" rel=\"noopener noreferrer\">OLYMPUS<\/a><br \/>\n\u30ec\u30f3\u30ba \uff1a\uff3b\u63a5\u773c\u30ec\u30f3\u30ba\uff3d 10\u00d7\u8996\u91ce\u657022\u3000 \uff3b\u5bfe\u7269\u30ec\u30f3\u30ba\uff3d <del>x1.25,x2,\u00d74<\/del>,\u00d710,<del>\u00d720,\u00d740<\/del><br \/>\n\u30d5\u30a3\u30eb\u30bf \uff1aIF550\u3001LBD-1F\u3001ND25<br \/>\n\u5149\u5b66\u7d20\u5b50\uff08\u4f4d\u76f8\u5dee\uff09 \uff1aPHL\u3001IX-PHC\u3001IX-PH1\u3001PH2\u3000\uff0a\u30b3\u30f3\u30c7\u30f3\u30b5\uff08IX-ULWCD\uff09<br \/>\n\u4ed8\u5c5e\u30ab\u30e1\u30e9 \uff1aDP70\uff08\u30ab\u30e9\u30fc\u30c7\u30b8\u30bf\u30eb\u30ab\u30e1\u30e9\uff09<br \/>\n\u89e3\u6790\u30bd\u30d5\u30c8\u30a6\u30a7\u30a2 \uff1acellSens<\/p>\n<p>\u3010\u8a2d\u7f6e\u5834\u6240\u3011<br \/>\n\u5f62\u614b\u89b3\u5bdf\u5ba4\uff08<a href=\".\/wp-content\/uploads\/2007\/08\/404_20170515.png\" title=\"4\u968e\u3000404\u53f7\u5ba4\" target=\"_blank\" rel=\"noopener noreferrer\">4\u968e\u3000404\u53f7\u5ba4<\/a>\uff09<\/p>\n<p>\u3010\u6982\u8981\u3011<br \/>\n\u30fb\u7528\u9014\u306b\u5fdc\u3058\u3066\u660e\u8996\u91ce\u3001\u4f4d\u76f8\u5dee\u306e\u89b3\u5bdf\u65b9\u6cd5\u3092\u9078\u629e\u53ef\u80fd<br \/>\n\u30fbDP70\u53ca\u3073cellSens\u306b\u3088\u308a\u7c21\u6613\u7684\u306a\u753b\u50cf\u3084\u30bf\u30a4\u30e0\u30e9\u30d7\u30b9\u52d5\u753b\u306e\u64ae\u5f71\u304c\u53ef\u80fd<\/p>\n<p>\u3010\u6a5f\u5668\u30a2\u30ab\u30a6\u30f3\u30c8\u5bfe\u8c61\u3011<br \/>\n\u30fb\u672c\u6a5f\u306e\u5229\u7528\u306b\u306f<span style=\"color: #ff0000;\">\u6a5f\u5668\u30a2\u30ab\u30a6\u30f3\u30c8<\/span>\u304c\u5fc5\u8981\u3067\u3059\uff08<span style=\"text-decoration: underline;\">\u5404\u7814\u7a76\u5ba41\u3064\u3001\u7814\u7a76\u4ee3\u8868\u8005\u304c\u7533\u8acb<\/span>\uff09\u3002\u6a5f\u5668\u30a2\u30ab\u30a6\u30f3\u30c8\u767a\u884c\u306b\u3064\u3044\u3066\u306f\u7ba1\u7406\u5ba4\u307e\u3067\u304a\u554f\u3044\u5408\u308f\u305b\u4e0b\u3055\u3044\u3002<\/p>\n","protected":false},"excerpt":{"rendered":"<p>\u3000 \u3000 \u3000 \u9ad8\u89e3\u50cf\u5ea6\u30fb\u9ad8\u30b3\u30f3\u30c8\u30e9\u30b9\u30c8\u306a\u9bae\u660e\u753b\u50cf \u7814\u7a76\u30cb\u30fc\u30ba\u306b\u5fdc\u3058\u3066\u30b7\u30b9\u30c6\u30e0\u306e\u62e1\u5927\u304c\u53ef\u80fd \u3010\u4ed5\u69d8\u3011 \u6a5f\u7a2e \uff1aIX70 \u30e1\u30fc\u30ab\u30fc \uff1aOLYMPUS \u30ec\u30f3\u30ba \uff1a\uff3b\u63a5\u773c\u30ec\u30f3\u30ba\uff3d 10\u00d7\u8996\u91ce\u657022\u3000 \uff3b\u5bfe\u7269\u30ec\u30f3\u30ba\uff3d x1.25,x2,\u00d74,\u00d710,\u00d720,\u00d740 \u30d5\u30a3\u30eb\u30bf \uff1aIF550\u3001LBD-1F\u3001ND25 \u5149\u5b66\u7d20\u5b50\uff08\u4f4d\u76f8\u5dee\uff09 \uff1aPHL\u3001IX-PHC\u3001IX-PH1\u3001PH2\u3000\uff0a\u30b3\u30f3\u30c7\u30f3\u30b5\uff08IX-ULWCD\uff09 \u4ed8\u5c5e\u30ab\u30e1\u30e9 \uff1aDP70\uff08\u30ab\u30e9\u30fc\u30c7\u30b8\u30bf\u30eb\u30ab\u30e1\u30e9\uff09 \u89e3\u6790\u30bd\u30d5\u30c8\u30a6\u30a7\u30a2 \uff1acellSens \u3010\u8a2d\u7f6e\u5834\u6240\u3011 \u5f62\u614b\u89b3\u5bdf\u5ba4\uff084\u968e\u3000404\u53f7\u5ba4\uff09 \u3010\u6982\u8981\u3011 \u30fb\u7528\u9014\u306b\u5fdc\u3058\u3066\u660e\u8996\u91ce\u3001\u4f4d\u76f8\u5dee\u306e\u89b3\u5bdf\u65b9\u6cd5\u3092\u9078\u629e\u53ef\u80fd \u30fbDP70\u53ca\u3073cellSens\u306b\u3088\u308a\u7c21\u6613\u7684\u306a\u753b\u50cf\u3084\u30bf\u30a4\u30e0\u30e9\u30d7\u30b9\u52d5\u753b\u306e\u64ae\u5f71\u304c\u53ef\u80fd \u3010\u6a5f\u5668\u30a2\u30ab\u30a6\u30f3\u30c8\u5bfe\u8c61\u3011 \u30fb\u672c\u6a5f\u306e\u5229\u7528\u306b\u306f\u6a5f\u5668\u30a2\u30ab\u30a6\u30f3\u30c8\u304c\u5fc5\u8981\u3067\u3059\uff08\u5404\u7814\u7a76\u5ba41\u3064\u3001\u7814\u7a76\u4ee3\u8868\u8005\u304c\u7533\u8acb\uff09\u3002\u6a5f\u5668\u30a2\u30ab\u30a6\u30f3\u30c8\u767a\u884c\u306b\u3064\u3044\u3066\u306f\u7ba1\u7406\u5ba4\u307e\u3067\u304a\u554f\u3044\u5408\u308f\u305b\u4e0b\u3055\u3044\u3002<\/p>\n","protected":false},"author":2,"featured_media":0,"parent":2787,"menu_order":0,"comment_status":"open","ping_status":"open","template":"","meta":{"footnotes":""},"class_list":["post-4156","page","type-page","status-publish","hentry"],"_links":{"self":[{"href":"https:\/\/gene4.knit.kagoshima-u.ac.jp\/grc\/index.php?rest_route=\/wp\/v2\/pages\/4156","targetHints":{"allow":["GET"]}}],"collection":[{"href":"https:\/\/gene4.knit.kagoshima-u.ac.jp\/grc\/index.php?rest_route=\/wp\/v2\/pages"}],"about":[{"href":"https:\/\/gene4.knit.kagoshima-u.ac.jp\/grc\/index.php?rest_route=\/wp\/v2\/types\/page"}],"author":[{"embeddable":true,"href":"https:\/\/gene4.knit.kagoshima-u.ac.jp\/grc\/index.php?rest_route=\/wp\/v2\/users\/2"}],"replies":[{"embeddable":true,"href":"https:\/\/gene4.knit.kagoshima-u.ac.jp\/grc\/index.php?rest_route=%2Fwp%2Fv2%2Fcomments&post=4156"}],"version-history":[{"count":29,"href":"https:\/\/gene4.knit.kagoshima-u.ac.jp\/grc\/index.php?rest_route=\/wp\/v2\/pages\/4156\/revisions"}],"predecessor-version":[{"id":14179,"href":"https:\/\/gene4.knit.kagoshima-u.ac.jp\/grc\/index.php?rest_route=\/wp\/v2\/pages\/4156\/revisions\/14179"}],"up":[{"embeddable":true,"href":"https:\/\/gene4.knit.kagoshima-u.ac.jp\/grc\/index.php?rest_route=\/wp\/v2\/pages\/2787"}],"wp:attachment":[{"href":"https:\/\/gene4.knit.kagoshima-u.ac.jp\/grc\/index.php?rest_route=%2Fwp%2Fv2%2Fmedia&parent=4156"}],"curies":[{"name":"wp","href":"https:\/\/api.w.org\/{rel}","templated":true}]}}