{"id":2800,"date":"2011-11-30T16:34:07","date_gmt":"2011-11-30T07:34:07","guid":{"rendered":"https:\/\/gene4.knit.kagoshima-u.ac.jp\/grc\/?page_id=2800"},"modified":"2025-07-28T16:49:32","modified_gmt":"2025-07-28T07:49:32","slug":"%e3%83%ac%e3%83%bc%e3%82%b6%e3%83%bc%e3%83%9e%e3%82%a4%e3%82%af%e3%83%ad%e3%83%80%e3%82%a4%e3%82%bb%e3%82%af%e3%82%b7%e3%83%a7%e3%83%b3-lmd6000","status":"publish","type":"page","link":"https:\/\/gene4.knit.kagoshima-u.ac.jp\/grc\/?page_id=2800","title":{"rendered":"\u30ec\u30fc\u30b6\u30fc\u30de\u30a4\u30af\u30ed\u30c0\u30a4\u30bb\u30af\u30b7\u30e7\u30f3 LMD6000"},"content":{"rendered":"<div class=\"wc-shortcodes-row wc-shortcodes-item wc-shortcodes-clearfix\">\n<div class=\"wc-shortcodes-column wc-shortcodes-content wc-shortcodes-one-half wc-shortcodes-column-first \">\n<a href=\".\/wp-content\/uploads\/2011\/11\/lmd6000.png\" title=\"lmd6000\" target=\"_blank\" rel=\"noopener noreferrer\"><img loading=\"lazy\" decoding=\"async\" src=\".\/wp-content\/uploads\/2011\/11\/lmd6000.png\" title=\"lmd6000\" width=\"261\" height=\"227\" align=\"middle\" class=\"aligncenter size-thumbnail wp-image-7366\" srcset=\"https:\/\/gene4.knit.kagoshima-u.ac.jp\/grc\/wp-content\/uploads\/2011\/11\/lmd6000.png 385w, https:\/\/gene4.knit.kagoshima-u.ac.jp\/grc\/wp-content\/uploads\/2011\/11\/lmd6000-300x260.png 300w\" sizes=\"auto, (max-width: 261px) 100vw, 261px\" \/>\n<\/div>\n<div class=\"wc-shortcodes-column wc-shortcodes-content wc-shortcodes-one-half wc-shortcodes-column-last \">\n\u3000<br \/>\n<\/a><a href=\".\/wp-content\/uploads\/2011\/11\/lmd6000_fig01-1.png\" title=\"lmd6000_fig01-1\" target=\"_blank\" rel=\"noopener noreferrer\"><img loading=\"lazy\" decoding=\"async\" src=\".\/wp-content\/uploads\/2011\/11\/lmd6000_fig01-1.png\" title=\"lmd6000_fig01-1\" width=\"208\" height=\"162\" align=\"middle\" class=\"aligncenter size-thumbnail wp-image-7367\" srcset=\"https:\/\/gene4.knit.kagoshima-u.ac.jp\/grc\/wp-content\/uploads\/2011\/11\/lmd6000_fig01-1.png 695w, https:\/\/gene4.knit.kagoshima-u.ac.jp\/grc\/wp-content\/uploads\/2011\/11\/lmd6000_fig01-1-300x233.png 300w\" sizes=\"auto, (max-width: 208px) 100vw, 208px\" \/><\/a>\n<\/div>\n<\/div>\n<p>\u7d44\u7e54\u5207\u7247\u304b\u3089\u5206\u6790\u3057\u305f\u3044\u76ee\u7684\u9818\u57df\u3092UV\u30ec\u30fc\u30b6\u30fc\u3067\u76f4\u63a5\u5207\u308a\u629c\u3044\u3066\u56de\u53ce<\/p>\n<p>\u3010\u4ed5\u69d8\u3011<br \/>\n\u6a5f\u7a2e \uff1aLMD6000<br \/>\n\u30e1\u30fc\u30ab\u30fc \uff1a<a href=\"http:\/\/www.leica-microsystems.com\/jp\/\" title=\"Leica Microsystems\" target=\"_blank\" rel=\"noopener noreferrer\">Leica Microsystems<\/a><br \/>\n\u30ec\u30f3\u30ba \uff1a\uff3b\u63a5\u773c\u30ec\u30f3\u30ba\uff3d x10\u3000 \uff3b\u5bfe\u7269\u30ec\u30f3\u30ba\uff3d \u00d75,\u00d710,\u00d720,\u00d740<br \/>\n\u30ec\u30fc\u30b6\u30fc \uff1a\u56fa\u4f53\u30ec\u30fc\u30b6\u30fc<br \/>\n\u6ce2\u9577 \uff1a355nm<br \/>\n\u900f\u904e\u5149\u8def \uff1a\u660e\u8996\u91ce\uff08BF\uff09\u3001\u5fae\u5206\u5e72\u6e09\uff08DIC\uff09<br \/>\n\u4ed8\u5c5e\u30ab\u30e1\u30e9 \uff1a<br \/>\n\u3000Leica DFC420\uff08\u30ab\u30e9\u30fc\u30c7\u30b8\u30bf\u30eb\u30ab\u30e1\u30e9\uff09<br \/>\n\u89e3\u6790\u30bd\u30d5\u30c8\u30a6\u30a7\u30a2 \uff1a<br \/>\n\u3000Leica Laser Microdissction\u3000 FISH\u753b\u50cf\u89e3\u6790\u30b7\u30b9\u30c6\u30e0 Leica Application Suite<\/p>\n<p>\u3010\u8a2d\u7f6e\u5834\u6240\u3011<br \/>\n\u5f62\u614b\u89b3\u5bdf\u5ba4\uff08<a href=\".\/wp-content\/uploads\/2025\/02\/404_20240217.png\" title=\"4\u968e\u3000404\u53f7\u5ba4\" target=\"_blank\" rel=\"noopener noreferrer\">4\u968e\u3000404\u53f7\u5ba4<\/a>\uff09<\/p>\n<p>\u3010\u6982\u8981\u3011<br \/>\n\u30fb\u91cd\u529b\u843d\u4e0b\u65b9\u5f0f\u306b\u3088\u308a\u5b8c\u5168\u306a\u30b3\u30f3\u30bf\u30df\u30d5\u30ea\u30fc\u3067\u3001\u30b5\u30f3\u30d7\u30eb\u3092\u30d0\u30c3\u30d5\u30a1\u30fc\u306b\u76f4\u63a5\u56de\u53ce<br \/>\n\u30fb\u9023\u7d9a\u5207\u7247\u306e\u540c\u4e00\u7b87\u6240\u30921\u672c\u306e\u30c1\u30e5\u30fc\u30d6\u306b\u307e\u3068\u3081\u3066\u96c6\u3081\u308b\u3053\u3068\u3067\u3001\u5927\u91cf\u306e\u30b5\u30f3\u30d7\u30eb\u3092\u52b9\u7387\u3088\u304f\u56de\u53ce\u53ef\u80fd<br \/>\n\u30fb\u30cf\u30a4\u30d1\u30ef\u30fc\u30ec\u30fc\u30b6\u30fc\u3067\u30b7\u30f3\u30b0\u30eb\u30bb\u30eb\u304b\u3089\u786c\u7d44\u7e54\u307e\u3067\u3001\u5927\u5c0f\u554f\u308f\u305a\u9ad8\u901f\u30ab\u30c3\u30c8<br \/>\n\u30fb\u86cd\u5149\u7528\u306eLMD BGR\u30d5\u30a3\u30eb\u30bf\u30fc\u30ad\u30e5\u30fc\u30d6\u306b\u3088\u308a\u3001\u30d6\u30eb\u30fc\u30fb\u30b0\u30ea\u30fc\u30f3\u30fb\u30ec\u30c3\u30c9\u306e\u86cd\u5149\u50cf\u3092\u89b3\u5bdf\u3057\u306a\u304c\u3089\u306e\u30c0\u30a4\u30bb\u30af\u30b7\u30e7\u30f3\u304c\u53ef\u80fd<\/p>\n<p>\u3010\u6a5f\u5668\u5229\u7528\u6599\u91d1\u5bfe\u8c61\u3011<br \/>\n<a title=\"\u300c\u5229\u7528\u6599\u91d1\u300d\u306f\u3053\u3061\u3089\u3092\u3054\u53c2\u7167\u4e0b\u3055\u3044\" href=\"https:\/\/gene4.knit.kagoshima-u.ac.jp\/grc\/?page_id=22393\" target=\"_blank\" rel=\"noopener noreferrer\">\u300c\u5229\u7528\u6599\u91d1\u300d\u306f\u3053\u3061\u3089\u3092\u3054\u53c2\u7167\u4e0b\u3055\u3044<\/a><\/p>\n<p>\u3010\u6a5f\u5668\u30a2\u30ab\u30a6\u30f3\u30c8\u5bfe\u8c61\u3011<br \/>\n\u30fb\u672c\u6a5f\u306e\u5229\u7528\u306b\u306f<span style=\"color: #ff0000;\">\u6a5f\u5668\u30a2\u30ab\u30a6\u30f3\u30c8<\/span>\u304c\u5fc5\u8981\u3067\u3059\uff08<span style=\"text-decoration: underline;\">\u5404\u7814\u7a76\u5ba41\u3064\u3001\u7814\u7a76\u4ee3\u8868\u8005\u304c\u7533\u8acb<\/span>\uff09\u3002\u6a5f\u5668\u30a2\u30ab\u30a6\u30f3\u30c8\u767a\u884c\u306b\u3064\u3044\u3066\u306f\u7ba1\u7406\u5ba4\u307e\u3067\u304a\u554f\u3044\u5408\u308f\u305b\u4e0b\u3055\u3044\u3002<\/p>\n<p>\u3010\u4e88\u7d04\u30b7\u30b9\u30c6\u30e0\u5bfe\u8c61\u3011<br \/>\n\u30fb\u672c\u6a5f\u306e\u5229\u7528\u306b\u306f<span style=\"color: #0000ff;\">\u4e88\u7d04\u30b7\u30b9\u30c6\u30e0<\/span>\u3078\u306e\u767b\u9332\u304c\u5fc5\u8981\u3067\u3059\uff08<span style=\"text-decoration: underline;\">\u5229\u7528\u8005\u500b\u3005\u304c\u7533\u8acb<\/span>\uff09\u3002\u4e88\u7d04\u30b7\u30b9\u30c6\u30e0\u306e\u30a2\u30ab\u30a6\u30f3\u30c8\u767a\u884c\u306b\u3064\u3044\u3066\u306f\u7ba1\u7406\u5ba4\u307e\u3067\u304a\u554f\u3044\u5408\u308f\u305b\u4e0b\u3055\u3044\u3002<\/p>\n<p>\u3010\u88dc\u8db3\u3011<br \/>\n\u30fb\u6d88\u8017\u54c1\u306b\u95a2\u3057\u3066\u306f\u4ee5\u4e0b\u306e\u8868\u3092\u3054\u53c2\u7167\u4e0b\u3055\u3044\u3002<br \/>\n\uff0a150x\u5bfe\u7269\u30ec\u30f3\u30ba\u3092\u4f7f\u7528\u3059\u308b\u5834\u5408\u306fRnase-Free\u30d5\u30a9\u30a4\u30eb\u4ed8\u304d\u30d5\u30ec\u30fc\u30e0\u3092\u4f7f\u7528\u3057\u3066\u4e0b\u3055\u3044\u3002<\/p>\n<p><P align=\"center\"><a href=\".\/wp-content\/uploads\/2011\/11\/lmd6000_fig02-2.png\" title=\"lmd6000_fig02-2\" target=\"_blank\" rel=\"noopener noreferrer\"><img loading=\"lazy\" decoding=\"async\" src=\".\/wp-content\/uploads\/2011\/11\/lmd6000_fig02-2.png\" title=\"lmd6000_fig02-2\" width=\"318\" height=\"168\" class=\"aligncenter size-thumbnail wp-image-7375\" srcset=\"https:\/\/gene4.knit.kagoshima-u.ac.jp\/grc\/wp-content\/uploads\/2011\/11\/lmd6000_fig02-2.png 636w, https:\/\/gene4.knit.kagoshima-u.ac.jp\/grc\/wp-content\/uploads\/2011\/11\/lmd6000_fig02-2-300x158.png 300w\" sizes=\"auto, (max-width: 318px) 100vw, 318px\" \/><\/a><\/p>\n","protected":false},"excerpt":{"rendered":"<p>\u3000 \u7d44\u7e54\u5207\u7247\u304b\u3089\u5206\u6790\u3057\u305f\u3044\u76ee\u7684\u9818\u57df\u3092UV\u30ec\u30fc\u30b6\u30fc\u3067\u76f4\u63a5\u5207\u308a\u629c\u3044\u3066\u56de\u53ce \u3010\u4ed5\u69d8\u3011 \u6a5f\u7a2e \uff1aLMD6000 \u30e1\u30fc\u30ab\u30fc \uff1aLeica Microsystems \u30ec\u30f3\u30ba \uff1a\uff3b\u63a5\u773c\u30ec\u30f3\u30ba\uff3d x10\u3000 \uff3b\u5bfe\u7269\u30ec\u30f3\u30ba\uff3d \u00d75,\u00d710,\u00d720,\u00d740 \u30ec\u30fc\u30b6\u30fc \uff1a\u56fa\u4f53\u30ec\u30fc\u30b6\u30fc \u6ce2\u9577 \uff1a355nm \u900f\u904e\u5149\u8def \uff1a\u660e\u8996\u91ce\uff08BF\uff09\u3001\u5fae\u5206\u5e72\u6e09\uff08DIC\uff09 \u4ed8\u5c5e\u30ab\u30e1\u30e9 \uff1a \u3000Leica DFC420\uff08\u30ab\u30e9\u30fc\u30c7\u30b8\u30bf\u30eb\u30ab\u30e1\u30e9\uff09 \u89e3\u6790\u30bd\u30d5\u30c8\u30a6\u30a7\u30a2 \uff1a \u3000Leica Laser Microdissction\u3000 FISH\u753b\u50cf\u89e3\u6790\u30b7\u30b9\u30c6\u30e0 Leica Application Suite \u3010\u8a2d\u7f6e\u5834\u6240\u3011 \u5f62\u614b\u89b3\u5bdf\u5ba4\uff084\u968e\u3000404\u53f7\u5ba4\uff09 \u3010\u6982\u8981\u3011 \u30fb\u91cd\u529b\u843d\u4e0b\u65b9\u5f0f\u306b\u3088\u308a\u5b8c\u5168\u306a\u30b3\u30f3\u30bf\u30df\u30d5\u30ea\u30fc\u3067\u3001\u30b5\u30f3\u30d7\u30eb\u3092\u30d0\u30c3\u30d5\u30a1\u30fc\u306b\u76f4\u63a5\u56de\u53ce \u30fb\u9023\u7d9a\u5207\u7247\u306e\u540c\u4e00\u7b87\u6240\u30921\u672c\u306e\u30c1\u30e5\u30fc\u30d6\u306b\u307e\u3068\u3081\u3066\u96c6\u3081\u308b\u3053\u3068\u3067\u3001\u5927\u91cf\u306e\u30b5\u30f3\u30d7\u30eb\u3092\u52b9\u7387\u3088\u304f\u56de\u53ce\u53ef\u80fd \u30fb\u30cf\u30a4\u30d1\u30ef\u30fc\u30ec\u30fc\u30b6\u30fc\u3067\u30b7\u30f3\u30b0\u30eb\u30bb\u30eb\u304b\u3089\u786c\u7d44\u7e54\u307e\u3067\u3001\u5927\u5c0f\u554f\u308f\u305a\u9ad8\u901f\u30ab\u30c3\u30c8 \u30fb\u86cd\u5149\u7528\u306eLMD BGR\u30d5\u30a3\u30eb\u30bf\u30fc\u30ad\u30e5\u30fc\u30d6\u306b\u3088\u308a\u3001\u30d6\u30eb\u30fc\u30fb\u30b0\u30ea\u30fc\u30f3\u30fb\u30ec\u30c3\u30c9\u306e\u86cd\u5149\u50cf\u3092\u89b3\u5bdf\u3057\u306a\u304c\u3089\u306e\u30c0\u30a4\u30bb\u30af\u30b7\u30e7\u30f3\u304c\u53ef\u80fd \u3010\u6a5f\u5668\u5229\u7528\u6599\u91d1\u5bfe\u8c61\u3011 \u300c\u5229\u7528\u6599\u91d1\u300d\u306f\u3053\u3061\u3089\u3092\u3054\u53c2\u7167\u4e0b\u3055\u3044 \u3010\u6a5f\u5668\u30a2\u30ab\u30a6\u30f3\u30c8\u5bfe\u8c61\u3011 \u30fb\u672c\u6a5f\u306e\u5229\u7528\u306b\u306f\u6a5f\u5668\u30a2\u30ab\u30a6\u30f3\u30c8\u304c\u5fc5\u8981\u3067\u3059\uff08\u5404\u7814\u7a76\u5ba41\u3064\u3001\u7814\u7a76\u4ee3\u8868\u8005\u304c\u7533\u8acb\uff09\u3002\u6a5f\u5668\u30a2\u30ab\u30a6\u30f3\u30c8\u767a\u884c\u306b\u3064\u3044\u3066\u306f\u7ba1\u7406\u5ba4\u307e\u3067\u304a\u554f\u3044\u5408\u308f\u305b\u4e0b\u3055\u3044\u3002 \u3010\u4e88\u7d04\u30b7\u30b9\u30c6\u30e0\u5bfe\u8c61\u3011 \u30fb\u672c\u6a5f\u306e\u5229\u7528\u306b\u306f\u4e88\u7d04\u30b7\u30b9\u30c6\u30e0\u3078\u306e\u767b\u9332\u304c\u5fc5\u8981\u3067\u3059\uff08\u5229\u7528\u8005\u500b\u3005\u304c\u7533\u8acb\uff09\u3002\u4e88\u7d04\u30b7\u30b9\u30c6\u30e0\u306e\u30a2\u30ab\u30a6\u30f3\u30c8\u767a\u884c\u306b\u3064\u3044\u3066\u306f\u7ba1\u7406\u5ba4\u307e\u3067\u304a\u554f\u3044\u5408\u308f\u305b\u4e0b\u3055\u3044\u3002 \u3010\u88dc\u8db3\u3011 \u30fb\u6d88\u8017\u54c1\u306b\u95a2\u3057\u3066\u306f\u4ee5\u4e0b\u306e\u8868\u3092\u3054\u53c2\u7167\u4e0b\u3055\u3044\u3002 \uff0a150x\u5bfe\u7269\u30ec\u30f3\u30ba\u3092\u4f7f\u7528\u3059\u308b\u5834\u5408\u306fRnase-Free\u30d5\u30a9\u30a4\u30eb\u4ed8\u304d\u30d5\u30ec\u30fc\u30e0\u3092\u4f7f\u7528\u3057\u3066\u4e0b\u3055\u3044\u3002<\/p>\n","protected":false},"author":2,"featured_media":0,"parent":2793,"menu_order":0,"comment_status":"open","ping_status":"open","template":"","meta":{"footnotes":""},"class_list":["post-2800","page","type-page","status-publish","hentry"],"_links":{"self":[{"href":"https:\/\/gene4.knit.kagoshima-u.ac.jp\/grc\/index.php?rest_route=\/wp\/v2\/pages\/2800","targetHints":{"allow":["GET"]}}],"collection":[{"href":"https:\/\/gene4.knit.kagoshima-u.ac.jp\/grc\/index.php?rest_route=\/wp\/v2\/pages"}],"about":[{"href":"https:\/\/gene4.knit.kagoshima-u.ac.jp\/grc\/index.php?rest_route=\/wp\/v2\/types\/page"}],"author":[{"embeddable":true,"href":"https:\/\/gene4.knit.kagoshima-u.ac.jp\/grc\/index.php?rest_route=\/wp\/v2\/users\/2"}],"replies":[{"embeddable":true,"href":"https:\/\/gene4.knit.kagoshima-u.ac.jp\/grc\/index.php?rest_route=%2Fwp%2Fv2%2Fcomments&post=2800"}],"version-history":[{"count":27,"href":"https:\/\/gene4.knit.kagoshima-u.ac.jp\/grc\/index.php?rest_route=\/wp\/v2\/pages\/2800\/revisions"}],"predecessor-version":[{"id":23374,"href":"https:\/\/gene4.knit.kagoshima-u.ac.jp\/grc\/index.php?rest_route=\/wp\/v2\/pages\/2800\/revisions\/23374"}],"up":[{"embeddable":true,"href":"https:\/\/gene4.knit.kagoshima-u.ac.jp\/grc\/index.php?rest_route=\/wp\/v2\/pages\/2793"}],"wp:attachment":[{"href":"https:\/\/gene4.knit.kagoshima-u.ac.jp\/grc\/index.php?rest_route=%2Fwp%2Fv2%2Fmedia&parent=2800"}],"curies":[{"name":"wp","href":"https:\/\/api.w.org\/{rel}","templated":true}]}}