{"id":2796,"date":"2011-11-30T16:30:24","date_gmt":"2011-11-30T07:30:24","guid":{"rendered":"https:\/\/gene4.knit.kagoshima-u.ac.jp\/grc\/?page_id=2796"},"modified":"2025-07-28T16:49:04","modified_gmt":"2025-07-28T07:49:04","slug":"%e8%90%bd%e5%b0%84%e8%9b%8d%e5%85%89%e9%a1%95%e5%be%ae%e9%8f%a1-ax80","status":"publish","type":"page","link":"https:\/\/gene4.knit.kagoshima-u.ac.jp\/grc\/?page_id=2796","title":{"rendered":"\u843d\u5c04\u86cd\u5149\u9855\u5fae\u93e1 AX80"},"content":{"rendered":"<div class=\"wc-shortcodes-row wc-shortcodes-item wc-shortcodes-clearfix\">\n<div class=\"wc-shortcodes-column wc-shortcodes-content wc-shortcodes-one-half wc-shortcodes-column-first \">\n<a href=\".\/wp-content\/uploads\/2011\/11\/ax80.png\" title=\"ax80\" target=\"_blank\" rel=\"noopener noreferrer\"><img loading=\"lazy\" decoding=\"async\" src=\".\/wp-content\/uploads\/2011\/11\/ax80.png\" title=\"ax80\" width=\"229\" height=\"272\" align=\"middle\" class=\"aligncenter size-thumbnail wp-image-7343\" srcset=\"https:\/\/gene4.knit.kagoshima-u.ac.jp\/grc\/wp-content\/uploads\/2011\/11\/ax80.png 328w, https:\/\/gene4.knit.kagoshima-u.ac.jp\/grc\/wp-content\/uploads\/2011\/11\/ax80-252x300.png 252w\" sizes=\"auto, (max-width: 229px) 100vw, 229px\" \/><\/a>\n<\/div>\n<div class=\"wc-shortcodes-column wc-shortcodes-content wc-shortcodes-one-half wc-shortcodes-column-last \">\n\u3000<br \/>\n\u3000<br \/>\n<a href=\".\/wp-content\/uploads\/2011\/11\/ax80_fig01-1.png\" title=\"ax80_fig01-1\" target=\"_blank\" rel=\"noopener noreferrer\"><img loading=\"lazy\" decoding=\"async\" src=\".\/wp-content\/uploads\/2011\/11\/ax80_fig01-1.png\" title=\"ax80_fig01-1\" width=\"245\" height=\"186\" align=\"middle\" class=\"aligncenter size-thumbnail wp-image-7344\" srcset=\"https:\/\/gene4.knit.kagoshima-u.ac.jp\/grc\/wp-content\/uploads\/2011\/11\/ax80_fig01-1.png 613w, https:\/\/gene4.knit.kagoshima-u.ac.jp\/grc\/wp-content\/uploads\/2011\/11\/ax80_fig01-1-300x228.png 300w\" sizes=\"auto, (max-width: 245px) 100vw, 245px\" \/><\/a>\n<\/div>\n<\/div>\n<p>\u30de\u30eb\u30c1\u30b3\u30f3\u30c8\u30ed\u30fc\u30eb\u30dc\u30c3\u30af\u30b9\u306b\u3088\u308a\u3001\u89b3\u5bdf\u304b\u3089\u64ae\u5f71\u307e\u3067\u5168\u3066\u306e\u64cd\u4f5c\u30d7\u30ed\u30bb\u30b9\u3092\u81ea\u52d5\u5316<\/p>\n<p>\u3010\u4ed5\u69d8\u3011<br \/>\n\u6a5f\u7a2e \uff1aAX80<br \/>\n\u30e1\u30fc\u30ab\u30fc \uff1a<a href=\"http:\/\/www.olympus.co.jp\/\" title=\"OLYMPUS\" target=\"_blank\" rel=\"noopener noreferrer\">OLYMPUS<\/a><br \/>\n\u30ec\u30f3\u30ba \uff1a<br \/>\n\u3000\uff3b\u63a5\u773c\u30ec\u30f3\u30ba\uff3d 10\u00d7\u8996\u91ce\u657026.5<br \/>\n\u3000\uff3b\u5bfe\u7269\u30ec\u30f3\u30ba\uff3d \u00d74,\u00d710,\u00d720,\u00d740,\u00d7100<br \/>\n\u86cd\u5149\u30ad\u30e5\u30fc\u30d6 \uff1aU-MWU\u3001U-MWIB\u3001U-MWIG<br \/>\n\u4ed8\u5c5e\u30ab\u30e1\u30e9 \uff1a<br \/>\nLeica DFC360FX\uff08\u30e2\u30ce\u30af\u30ed\u51b7\u5374CCD\u30ab\u30e1\u30e9\uff09 Leica DFC300FX\uff08\u30ab\u30e9\u30fc\u51b7\u5374CCD\u30ab\u30e1\u30e9\uff09<br \/>\n\u89e3\u6790\u30bd\u30d5\u30c8\u30a6\u30a7\u30a2 \uff1aFISH\u753b\u50cf\u89e3\u6790\u30b7\u30b9\u30c6\u30e0 Leica Application Suite<\/p>\n<p>\u3010\u8a2d\u7f6e\u5834\u6240\u3011<br \/>\n\u5f62\u614b\u89b3\u5bdf\u5ba4\uff08<a href=\".\/wp-content\/uploads\/2025\/02\/404_20240217.png\" title=\"4\u968e\u3000404\u53f7\u5ba4\" target=\"_blank\" rel=\"noopener noreferrer\">4\u968e\u3000404\u53f7\u5ba4<\/a>\uff09<\/p>\n<p>\u3010\u6982\u8981\u3011<br \/>\n\u30fb\u86cd\u5149\u30df\u30e9\u30fc\u30e6\u30cb\u30c3\u30c8\u5207\u308a\u63db\u3048\u306e\u96fb\u52d5\u5316\u306b\u3088\u308a\u3001\u52b1\u8d77\u5149\u5207\u308a\u63db\u3048\u306a\u3069\u306e\u64cd\u4f5c\u3092\u7701\u529b<br \/>\n\u30fb\u86cd\u5149\u89b3\u5bdf\u306e\u5b8c\u5168\u81ea\u52d5\u9732\u51fa\u3092\u53ef\u80fd\u306b\u3057\u305f\u3001\u30b9\u30fc\u30d1\u30fcFL\u30aa\u30fc\u30c8\u30e2\u30fc\u30c9\u642d\u8f09<br \/>\n\u30fb\u30aa\u30fc\u30c8\u30d5\u30a9\u30fc\u30ab\u30b9\u306b\u3088\u308a\u69d8\u3005\u306a\u691c\u93e1\u6cd5\u3067\u9069\u6b63\u306a\u30d5\u30a9\u30fc\u30ab\u30b9\u3092\u7372\u5f97\u53ef\u80fd<br \/>\n\u30fb\u96fb\u52d5\u30ec\u30dc\u30eb\u30d0\u306e\u30dc\u30bf\u30f3\u64cd\u4f5c\u306b\u3088\u308a\u5bfe\u7269\u30ec\u30f3\u30ba\u306e\u5207\u308a\u63db\u3048\u304c\u53ef\u80fd<\/p>\n<p>\u3010\u6a5f\u5668\u5229\u7528\u6599\u91d1\u5bfe\u8c61\u3011<br \/>\n<a title=\"\u300c\u5229\u7528\u6599\u91d1\u300d\u306f\u3053\u3061\u3089\u3092\u3054\u53c2\u7167\u4e0b\u3055\u3044\" href=\"https:\/\/gene4.knit.kagoshima-u.ac.jp\/grc\/?page_id=22393\" target=\"_blank\" rel=\"noopener noreferrer\">\u300c\u5229\u7528\u6599\u91d1\u300d\u306f\u3053\u3061\u3089\u3092\u3054\u53c2\u7167\u4e0b\u3055\u3044<\/a><\/p>\n<p>\u3010\u6a5f\u5668\u30a2\u30ab\u30a6\u30f3\u30c8\u5bfe\u8c61\u3011<br \/>\n\u30fb\u672c\u6a5f\u306e\u5229\u7528\u306b\u306f<span style=\"color: #ff0000;\">\u6a5f\u5668\u30a2\u30ab\u30a6\u30f3\u30c8<\/span>\u304c\u5fc5\u8981\u3067\u3059\uff08<span style=\"text-decoration: underline;\">\u5404\u7814\u7a76\u5ba41\u3064\u3001\u7814\u7a76\u4ee3\u8868\u8005\u304c\u7533\u8acb<\/span>\uff09\u3002\u6a5f\u5668\u30a2\u30ab\u30a6\u30f3\u30c8\u767a\u884c\u306b\u3064\u3044\u3066\u306f\u7ba1\u7406\u5ba4\u307e\u3067\u304a\u554f\u3044\u5408\u308f\u305b\u4e0b\u3055\u3044\u3002<\/p>\n<p>\u3010\u4e88\u7d04\u30b7\u30b9\u30c6\u30e0\u5bfe\u8c61\u3011<br \/>\n\u30fb\u672c\u6a5f\u306e\u5229\u7528\u306b\u306f<span style=\"color: #0000ff;\">\u4e88\u7d04\u30b7\u30b9\u30c6\u30e0<\/span>\u3078\u306e\u767b\u9332\u304c\u5fc5\u8981\u3067\u3059\uff08<span style=\"text-decoration: underline;\">\u5229\u7528\u8005\u500b\u3005\u304c\u7533\u8acb<\/span>\uff09\u3002\u4e88\u7d04\u30b7\u30b9\u30c6\u30e0\u306e\u30a2\u30ab\u30a6\u30f3\u30c8\u767a\u884c\u306b\u3064\u3044\u3066\u306f\u7ba1\u7406\u5ba4\u307e\u3067\u304a\u554f\u3044\u5408\u308f\u305b\u4e0b\u3055\u3044\u3002<\/p>\n<p>\u3010\u88dc\u8db3\u3011<br \/>\n\u30fb\u86cd\u5149\u30ad\u30e5\u30fc\u30d6\u306e\u52b1\u8d77\u6ce2\u9577\u3001\u5438\u53ce\u6ce2\u9577\u3001\u7528\u9014\u7b49\u306f\u4ee5\u4e0b\u306e\u8868\u3092\u3054\u53c2\u7167\u4e0b\u3055\u3044\u3002<\/p>\n<p><P align=\"center\"><a href=\".\/wp-content\/uploads\/2011\/11\/ax80_fig02-1.png\" title=\"ax80_fig02-1\" target=\"_blank\" rel=\"noopener noreferrer\"><img loading=\"lazy\" decoding=\"async\" src=\".\/wp-content\/uploads\/2011\/11\/ax80_fig02-1.png\" title=\"ax80_fig02-1\" width=\"391\" height=\"111\" class=\"aligncenter size-thumbnail wp-image-7347\" srcset=\"https:\/\/gene4.knit.kagoshima-u.ac.jp\/grc\/wp-content\/uploads\/2011\/11\/ax80_fig02-1.png 783w, https:\/\/gene4.knit.kagoshima-u.ac.jp\/grc\/wp-content\/uploads\/2011\/11\/ax80_fig02-1-300x85.png 300w\" sizes=\"auto, (max-width: 391px) 100vw, 391px\" \/><\/a><\/p>\n","protected":false},"excerpt":{"rendered":"<p>\u3000 \u3000 \u30de\u30eb\u30c1\u30b3\u30f3\u30c8\u30ed\u30fc\u30eb\u30dc\u30c3\u30af\u30b9\u306b\u3088\u308a\u3001\u89b3\u5bdf\u304b\u3089\u64ae\u5f71\u307e\u3067\u5168\u3066\u306e\u64cd\u4f5c\u30d7\u30ed\u30bb\u30b9\u3092\u81ea\u52d5\u5316 \u3010\u4ed5\u69d8\u3011 \u6a5f\u7a2e \uff1aAX80 \u30e1\u30fc\u30ab\u30fc \uff1aOLYMPUS \u30ec\u30f3\u30ba \uff1a \u3000\uff3b\u63a5\u773c\u30ec\u30f3\u30ba\uff3d 10\u00d7\u8996\u91ce\u657026.5 \u3000\uff3b\u5bfe\u7269\u30ec\u30f3\u30ba\uff3d \u00d74,\u00d710,\u00d720,\u00d740,\u00d7100 \u86cd\u5149\u30ad\u30e5\u30fc\u30d6 \uff1aU-MWU\u3001U-MWIB\u3001U-MWIG \u4ed8\u5c5e\u30ab\u30e1\u30e9 \uff1a Leica DFC360FX\uff08\u30e2\u30ce\u30af\u30ed\u51b7\u5374CCD\u30ab\u30e1\u30e9\uff09 Leica DFC300FX\uff08\u30ab\u30e9\u30fc\u51b7\u5374CCD\u30ab\u30e1\u30e9\uff09 \u89e3\u6790\u30bd\u30d5\u30c8\u30a6\u30a7\u30a2 \uff1aFISH\u753b\u50cf\u89e3\u6790\u30b7\u30b9\u30c6\u30e0 Leica Application Suite \u3010\u8a2d\u7f6e\u5834\u6240\u3011 \u5f62\u614b\u89b3\u5bdf\u5ba4\uff084\u968e\u3000404\u53f7\u5ba4\uff09 \u3010\u6982\u8981\u3011 \u30fb\u86cd\u5149\u30df\u30e9\u30fc\u30e6\u30cb\u30c3\u30c8\u5207\u308a\u63db\u3048\u306e\u96fb\u52d5\u5316\u306b\u3088\u308a\u3001\u52b1\u8d77\u5149\u5207\u308a\u63db\u3048\u306a\u3069\u306e\u64cd\u4f5c\u3092\u7701\u529b \u30fb\u86cd\u5149\u89b3\u5bdf\u306e\u5b8c\u5168\u81ea\u52d5\u9732\u51fa\u3092\u53ef\u80fd\u306b\u3057\u305f\u3001\u30b9\u30fc\u30d1\u30fcFL\u30aa\u30fc\u30c8\u30e2\u30fc\u30c9\u642d\u8f09 \u30fb\u30aa\u30fc\u30c8\u30d5\u30a9\u30fc\u30ab\u30b9\u306b\u3088\u308a\u69d8\u3005\u306a\u691c\u93e1\u6cd5\u3067\u9069\u6b63\u306a\u30d5\u30a9\u30fc\u30ab\u30b9\u3092\u7372\u5f97\u53ef\u80fd \u30fb\u96fb\u52d5\u30ec\u30dc\u30eb\u30d0\u306e\u30dc\u30bf\u30f3\u64cd\u4f5c\u306b\u3088\u308a\u5bfe\u7269\u30ec\u30f3\u30ba\u306e\u5207\u308a\u63db\u3048\u304c\u53ef\u80fd \u3010\u6a5f\u5668\u5229\u7528\u6599\u91d1\u5bfe\u8c61\u3011 \u300c\u5229\u7528\u6599\u91d1\u300d\u306f\u3053\u3061\u3089\u3092\u3054\u53c2\u7167\u4e0b\u3055\u3044 \u3010\u6a5f\u5668\u30a2\u30ab\u30a6\u30f3\u30c8\u5bfe\u8c61\u3011 \u30fb\u672c\u6a5f\u306e\u5229\u7528\u306b\u306f\u6a5f\u5668\u30a2\u30ab\u30a6\u30f3\u30c8\u304c\u5fc5\u8981\u3067\u3059\uff08\u5404\u7814\u7a76\u5ba41\u3064\u3001\u7814\u7a76\u4ee3\u8868\u8005\u304c\u7533\u8acb\uff09\u3002\u6a5f\u5668\u30a2\u30ab\u30a6\u30f3\u30c8\u767a\u884c\u306b\u3064\u3044\u3066\u306f\u7ba1\u7406\u5ba4\u307e\u3067\u304a\u554f\u3044\u5408\u308f\u305b\u4e0b\u3055\u3044\u3002 \u3010\u4e88\u7d04\u30b7\u30b9\u30c6\u30e0\u5bfe\u8c61\u3011 \u30fb\u672c\u6a5f\u306e\u5229\u7528\u306b\u306f\u4e88\u7d04\u30b7\u30b9\u30c6\u30e0\u3078\u306e\u767b\u9332\u304c\u5fc5\u8981\u3067\u3059\uff08\u5229\u7528\u8005\u500b\u3005\u304c\u7533\u8acb\uff09\u3002\u4e88\u7d04\u30b7\u30b9\u30c6\u30e0\u306e\u30a2\u30ab\u30a6\u30f3\u30c8\u767a\u884c\u306b\u3064\u3044\u3066\u306f\u7ba1\u7406\u5ba4\u307e\u3067\u304a\u554f\u3044\u5408\u308f\u305b\u4e0b\u3055\u3044\u3002 \u3010\u88dc\u8db3\u3011 \u30fb\u86cd\u5149\u30ad\u30e5\u30fc\u30d6\u306e\u52b1\u8d77\u6ce2\u9577\u3001\u5438\u53ce\u6ce2\u9577\u3001\u7528\u9014\u7b49\u306f\u4ee5\u4e0b\u306e\u8868\u3092\u3054\u53c2\u7167\u4e0b\u3055\u3044\u3002<\/p>\n","protected":false},"author":2,"featured_media":0,"parent":2783,"menu_order":0,"comment_status":"open","ping_status":"open","template":"","meta":{"footnotes":""},"class_list":["post-2796","page","type-page","status-publish","hentry"],"_links":{"self":[{"href":"https:\/\/gene4.knit.kagoshima-u.ac.jp\/grc\/index.php?rest_route=\/wp\/v2\/pages\/2796","targetHints":{"allow":["GET"]}}],"collection":[{"href":"https:\/\/gene4.knit.kagoshima-u.ac.jp\/grc\/index.php?rest_route=\/wp\/v2\/pages"}],"about":[{"href":"https:\/\/gene4.knit.kagoshima-u.ac.jp\/grc\/index.php?rest_route=\/wp\/v2\/types\/page"}],"author":[{"embeddable":true,"href":"https:\/\/gene4.knit.kagoshima-u.ac.jp\/grc\/index.php?rest_route=\/wp\/v2\/users\/2"}],"replies":[{"embeddable":true,"href":"https:\/\/gene4.knit.kagoshima-u.ac.jp\/grc\/index.php?rest_route=%2Fwp%2Fv2%2Fcomments&post=2796"}],"version-history":[{"count":25,"href":"https:\/\/gene4.knit.kagoshima-u.ac.jp\/grc\/index.php?rest_route=\/wp\/v2\/pages\/2796\/revisions"}],"predecessor-version":[{"id":23372,"href":"https:\/\/gene4.knit.kagoshima-u.ac.jp\/grc\/index.php?rest_route=\/wp\/v2\/pages\/2796\/revisions\/23372"}],"up":[{"embeddable":true,"href":"https:\/\/gene4.knit.kagoshima-u.ac.jp\/grc\/index.php?rest_route=\/wp\/v2\/pages\/2783"}],"wp:attachment":[{"href":"https:\/\/gene4.knit.kagoshima-u.ac.jp\/grc\/index.php?rest_route=%2Fwp%2Fv2%2Fmedia&parent=2796"}],"curies":[{"name":"wp","href":"https:\/\/api.w.org\/{rel}","templated":true}]}}